{"id":409,"date":"2024-12-19T17:24:31","date_gmt":"2024-12-19T17:24:31","guid":{"rendered":"https:\/\/wtta.com.br\/?post_type=product&#038;p=409"},"modified":"2026-04-06T20:20:23","modified_gmt":"2026-04-06T20:20:23","slug":"xcmg-25k5-2008","status":"publish","type":"product","link":"https:\/\/wtta.com.br\/index.php\/produto\/xcmg-25k5-2008\/","title":{"rendered":"aXCMG 25K5 , 2008"},"content":{"rendered":"<p>Guindaste:<br \/>\nXCMG 25K5, ano 2008<\/p>\n<p>Capacidade: 25 toneladas<\/p>\n<p>Caracter\u00edsticas:<\/p>\n<p>\u2013 38,6 metros s\u00f3 na lan\u00e7a<\/p>\n<p>\u2013 47,6 metros na lan\u00e7a + jib<\/p>\n<p>\u2013 operando em obra; normal<\/p>\n<p>Condi\u00e7\u00f5es: R$ 390.000,00 + 5 % comiss\u00e3o<\/p>\n<p>Localiza\u00e7\u00e3o: SP \u2013 interior<\/p>\n<p><strong>Contato: Jos\u00e9 Carlos &#8211; 11-97479-2736 (whatsapp)<\/strong><\/p>\n<p>&amp;nbsp;<\/p>\n<p>Para mais informa\u00e7\u00f5es contate-nos:<\/p>\n<p>[contact-form to=&#8221;wtta@uol.com.br&#8221; subject=&#8221;Interessado no produto XCMG 25K5 &#8211; 2006&#8243;][contact-field label=&#8221;Nome&#8221; type=&#8221;name&#8221; required=&#8221;1&#8243;][contact-field label=&#8221;Telefone&#8221; type=&#8221;name&#8221; required=&#8221;1&#8243;][contact-field label=&#8221;E-mail&#8221; type=&#8221;email&#8221;][contact-field label=&#8221;Mensagem&#8221; type=&#8221;textarea&#8221;][\/contact-form]<\/p>\n","protected":false},"excerpt":{"rendered":"<p>Guindaste:<br \/>\nXCMG 25K5, ano 2008<\/p>\n<p>Capacidade: 25 toneladas<\/p>\n<p>Caracter\u00edsticas:<\/p>\n<p>\u2013 38,6 metros s\u00f3 na lan\u00e7a<\/p>\n<p>\u2013 47,6 metros na lan\u00e7a + jib<\/p>\n<p>\u2013 operando em obra; normal<\/p>\n<p>Condi\u00e7\u00f5es: R$ 390.000,00 +\u00a0 5% comiss\u00e3o<\/p>\n<p>Localiza\u00e7\u00e3o: SP \u2013 interior<\/p>\n<p><strong>Contato: Jos\u00e9 Carlos &#8211; 11-97479-2736 (whatsapp)<\/strong><\/p>\n<p>&amp;nbsp;<\/p>\n<p>Para mais informa\u00e7\u00f5es contate-nos:<\/p>\n<p>[contact-form to=&#8221;wtta@uol.com.br&#8221; subject=&#8221;Interessado no produto XCMG 25K5 &#8211; 2006&#8243;][contact-field label=&#8221;Nome&#8221; type=&#8221;name&#8221; required=&#8221;1&#8243;][contact-field label=&#8221;Telefone&#8221; type=&#8221;name&#8221; required=&#8221;1&#8243;][contact-field label=&#8221;E-mail&#8221; type=&#8221;email&#8221;][contact-field label=&#8221;Mensagem&#8221; type=&#8221;textarea&#8221;][\/contact-form]<\/p>\n","protected":false},"featured_media":1584,"comment_status":"open","ping_status":"closed","template":"","meta":[],"product_brand":[],"product_cat":[16],"product_tag":[],"class_list":{"0":"post-409","1":"product","2":"type-product","3":"status-publish","4":"has-post-thumbnail","6":"product_cat-guindastes","7":"pa_estado-mato-grosso-do-sul","8":"pa_estado-minas-gerais","9":"pa_estado-parana","10":"pa_estado-santa-catarina","11":"pa_estado-sao-paulo","13":"first","14":"instock","15":"shipping-taxable","16":"purchasable","17":"product-type-simple"},"_links":{"self":[{"href":"https:\/\/wtta.com.br\/index.php\/wp-json\/wp\/v2\/product\/409","targetHints":{"allow":["GET"]}}],"collection":[{"href":"https:\/\/wtta.com.br\/index.php\/wp-json\/wp\/v2\/product"}],"about":[{"href":"https:\/\/wtta.com.br\/index.php\/wp-json\/wp\/v2\/types\/product"}],"replies":[{"embeddable":true,"href":"https:\/\/wtta.com.br\/index.php\/wp-json\/wp\/v2\/comments?post=409"}],"version-history":[{"count":5,"href":"https:\/\/wtta.com.br\/index.php\/wp-json\/wp\/v2\/product\/409\/revisions"}],"predecessor-version":[{"id":1559,"href":"https:\/\/wtta.com.br\/index.php\/wp-json\/wp\/v2\/product\/409\/revisions\/1559"}],"wp:featuredmedia":[{"embeddable":true,"href":"https:\/\/wtta.com.br\/index.php\/wp-json\/wp\/v2\/media\/1584"}],"wp:attachment":[{"href":"https:\/\/wtta.com.br\/index.php\/wp-json\/wp\/v2\/media?parent=409"}],"wp:term":[{"taxonomy":"product_brand","embeddable":true,"href":"https:\/\/wtta.com.br\/index.php\/wp-json\/wp\/v2\/product_brand?post=409"},{"taxonomy":"product_cat","embeddable":true,"href":"https:\/\/wtta.com.br\/index.php\/wp-json\/wp\/v2\/product_cat?post=409"},{"taxonomy":"product_tag","embeddable":true,"href":"https:\/\/wtta.com.br\/index.php\/wp-json\/wp\/v2\/product_tag?post=409"}],"curies":[{"name":"wp","href":"https:\/\/api.w.org\/{rel}","templated":true}]}}