{"id":1851,"date":"2026-04-17T18:08:23","date_gmt":"2026-04-17T18:08:23","guid":{"rendered":"https:\/\/wtta.com.br\/?post_type=product&#038;p=1851"},"modified":"2026-04-17T18:08:24","modified_gmt":"2026-04-17T18:08:24","slug":"zoomlion-70t-2007","status":"publish","type":"product","link":"https:\/\/wtta.com.br\/index.php\/produto\/zoomlion-70t-2007\/","title":{"rendered":"Zoomlion 70t &#8211;\u00a0 2007"},"content":{"rendered":"<p><b>Zoomlion<\/b> <b>70t <\/b><b>&#8211;\u00a0 <\/b><b>2007<\/b><\/p>\n<p><b>m<\/b><b>otor\u00a0 MWM<\/b><\/p>\n<p><b>44<\/b><b>, metros<\/b> <b>s\u00f3 na lan\u00e7a<\/b><\/p>\n<p><b>59<\/b><b>,5 <\/b><b>metros<\/b><b> na lan\u00e7a + <\/b><b>jib<\/b><\/p>\n<p><b>R$ <\/b><b>48<\/b><b>0.000,00 ( comiss\u00e3o inclusa )<\/b><\/p>\n<p><b>( aceita carro; mande sua proposta )<\/b><\/p>\n<p><b>Local<\/b><b>: <\/b><b>:\u00a0 <\/b><b>MG<\/b> <b>&#8211; interior<\/b><\/p>\n","protected":false},"excerpt":{"rendered":"<p>Zoomlion 70t &#8211;\u00a0 2007 motor\u00a0 MWM 44, metros s\u00f3 na lan\u00e7a 59,5 metros na lan\u00e7a + jib R$ 480.000,00 ( comiss\u00e3o inclusa ) ( aceita carro; mande sua proposta ) Local: :\u00a0 MG &#8211; interior<\/p>\n","protected":false},"featured_media":1855,"comment_status":"open","ping_status":"closed","template":"","meta":[],"product_brand":[],"product_cat":[15],"product_tag":[],"class_list":{"0":"post-1851","1":"product","2":"type-product","3":"status-publish","4":"has-post-thumbnail","6":"product_cat-outros","7":"pa_estado-acre","8":"pa_estado-alagoas","9":"pa_estado-amapa","10":"pa_estado-amazonas","11":"pa_estado-bahia","12":"pa_estado-ceara","13":"pa_estado-distrito-federal","14":"pa_estado-espirito-santo","15":"pa_estado-goias","16":"pa_estado-maranhao","17":"pa_estado-mato-grosso","18":"pa_estado-mato-grosso-do-sul","19":"pa_estado-minas-gerais","20":"pa_estado-para","21":"pa_estado-paraiba","22":"pa_estado-parana","23":"pa_estado-pernambuco","24":"pa_estado-piaui","25":"pa_estado-rio-de-janeiro","26":"pa_estado-rio-grande-do-norte","27":"pa_estado-rio-grande-do-sul","28":"pa_estado-rondonia","29":"pa_estado-roraima","30":"pa_estado-santa-catarina","31":"pa_estado-sao-paulo","32":"pa_estado-sergipe","34":"first","35":"instock","36":"shipping-taxable","37":"purchasable","38":"product-type-simple"},"_links":{"self":[{"href":"https:\/\/wtta.com.br\/index.php\/wp-json\/wp\/v2\/product\/1851","targetHints":{"allow":["GET"]}}],"collection":[{"href":"https:\/\/wtta.com.br\/index.php\/wp-json\/wp\/v2\/product"}],"about":[{"href":"https:\/\/wtta.com.br\/index.php\/wp-json\/wp\/v2\/types\/product"}],"replies":[{"embeddable":true,"href":"https:\/\/wtta.com.br\/index.php\/wp-json\/wp\/v2\/comments?post=1851"}],"version-history":[{"count":1,"href":"https:\/\/wtta.com.br\/index.php\/wp-json\/wp\/v2\/product\/1851\/revisions"}],"predecessor-version":[{"id":1856,"href":"https:\/\/wtta.com.br\/index.php\/wp-json\/wp\/v2\/product\/1851\/revisions\/1856"}],"wp:featuredmedia":[{"embeddable":true,"href":"https:\/\/wtta.com.br\/index.php\/wp-json\/wp\/v2\/media\/1855"}],"wp:attachment":[{"href":"https:\/\/wtta.com.br\/index.php\/wp-json\/wp\/v2\/media?parent=1851"}],"wp:term":[{"taxonomy":"product_brand","embeddable":true,"href":"https:\/\/wtta.com.br\/index.php\/wp-json\/wp\/v2\/product_brand?post=1851"},{"taxonomy":"product_cat","embeddable":true,"href":"https:\/\/wtta.com.br\/index.php\/wp-json\/wp\/v2\/product_cat?post=1851"},{"taxonomy":"product_tag","embeddable":true,"href":"https:\/\/wtta.com.br\/index.php\/wp-json\/wp\/v2\/product_tag?post=1851"}],"curies":[{"name":"wp","href":"https:\/\/api.w.org\/{rel}","templated":true}]}}