{"id":194,"date":"2024-12-04T15:20:19","date_gmt":"2024-12-04T15:20:19","guid":{"rendered":"https:\/\/wtta.com.br\/?page_id=194"},"modified":"2024-12-07T20:33:42","modified_gmt":"2024-12-07T20:33:42","slug":"quem-somos","status":"publish","type":"page","link":"https:\/\/wtta.com.br\/index.php\/quem-somos\/","title":{"rendered":"Quem somos"},"content":{"rendered":"\t\t<div data-elementor-type=\"wp-page\" data-elementor-id=\"194\" class=\"elementor elementor-194\">\n\t\t\t\t<div class=\"elementor-element elementor-element-1442e6c e-flex e-con-boxed e-con e-parent\" data-id=\"1442e6c\" data-element_type=\"container\" data-e-type=\"container\">\n\t\t\t\t\t<div class=\"e-con-inner\">\n\t\t\t\t<div class=\"elementor-element elementor-element-0c8de8f elementor-drop-cap-yes elementor-drop-cap-view-default elementor-widget elementor-widget-text-editor\" data-id=\"0c8de8f\" data-element_type=\"widget\" data-e-type=\"widget\" data-settings=\"{&quot;drop_cap&quot;:&quot;yes&quot;}\" data-widget_type=\"text-editor.default\">\n\t\t\t\t<div class=\"elementor-widget-container\">\n\t\t\t\t\t\t\t\t\t<p><span style=\"color: #4e4e4e; font-family: 'Open Sans', sans-serif; font-size: 12.8px;\">A WTTA \u00e9 uma importadora de guindastes e bombas de concreto, vindos da China.<\/span><br style=\"color: #4e4e4e; font-family: 'Open Sans', sans-serif; font-size: 12.8px;\" \/><span style=\"color: #4e4e4e; font-family: 'Open Sans', sans-serif; font-size: 12.8px;\">\u00a0<\/span><br style=\"color: #4e4e4e; font-family: 'Open Sans', sans-serif; font-size: 12.8px;\" \/><span style=\"color: #4e4e4e; font-family: 'Open Sans', sans-serif; font-size: 12.8px;\">Mas tamb\u00e9m fazemos a intermedia\u00e7\u00e3o de compra e venda de equipamentos usados.<\/span><br style=\"color: #4e4e4e; font-family: 'Open Sans', sans-serif; font-size: 12.8px;\" \/><span style=\"color: #4e4e4e; font-family: 'Open Sans', sans-serif; font-size: 12.8px;\">\u00a0<\/span><br style=\"color: #4e4e4e; font-family: 'Open Sans', sans-serif; font-size: 12.8px;\" \/><span style=\"color: #4e4e4e; font-family: 'Open Sans', sans-serif; font-size: 12.8px;\">Nosso lema \u00e9 &#8220;Seriedade em primeiro lugar e a busca constante da perfei\u00e7\u00e3o&#8221;.<\/span><br style=\"color: #4e4e4e; font-family: 'Open Sans', sans-serif; font-size: 12.8px;\" \/><span style=\"color: #4e4e4e; font-family: 'Open Sans', sans-serif; font-size: 12.8px;\">\u00a0<\/span><br style=\"color: #4e4e4e; font-family: 'Open Sans', sans-serif; font-size: 12.8px;\" \/><span style=\"color: #4e4e4e; font-family: 'Open Sans', sans-serif; font-size: 12.8px;\">Ficamos \u00e0 sua disposi\u00e7\u00e3o.<\/span><\/p>\t\t\t\t\t\t\t\t<\/div>\n\t\t\t\t<\/div>\n\t\t\t\t\t<\/div>\n\t\t\t\t<\/div>\n\t\t\t\t<\/div>\n\t\t","protected":false},"excerpt":{"rendered":"<p>A WTTA \u00e9 uma importadora de guindastes e bombas de concreto, vindos da China.\u00a0Mas tamb\u00e9m fazemos a intermedia\u00e7\u00e3o de compra e venda de equipamentos usados.\u00a0Nosso lema \u00e9 &#8220;Seriedade em primeiro lugar e a busca constante da perfei\u00e7\u00e3o&#8221;.\u00a0Ficamos \u00e0 sua disposi\u00e7\u00e3o.<\/p>\n","protected":false},"author":1,"featured_media":0,"parent":0,"menu_order":0,"comment_status":"closed","ping_status":"closed","template":"","meta":{"footnotes":""},"class_list":["post-194","page","type-page","status-publish","hentry"],"_links":{"self":[{"href":"https:\/\/wtta.com.br\/index.php\/wp-json\/wp\/v2\/pages\/194","targetHints":{"allow":["GET"]}}],"collection":[{"href":"https:\/\/wtta.com.br\/index.php\/wp-json\/wp\/v2\/pages"}],"about":[{"href":"https:\/\/wtta.com.br\/index.php\/wp-json\/wp\/v2\/types\/page"}],"author":[{"embeddable":true,"href":"https:\/\/wtta.com.br\/index.php\/wp-json\/wp\/v2\/users\/1"}],"replies":[{"embeddable":true,"href":"https:\/\/wtta.com.br\/index.php\/wp-json\/wp\/v2\/comments?post=194"}],"version-history":[{"count":4,"href":"https:\/\/wtta.com.br\/index.php\/wp-json\/wp\/v2\/pages\/194\/revisions"}],"predecessor-version":[{"id":213,"href":"https:\/\/wtta.com.br\/index.php\/wp-json\/wp\/v2\/pages\/194\/revisions\/213"}],"wp:attachment":[{"href":"https:\/\/wtta.com.br\/index.php\/wp-json\/wp\/v2\/media?parent=194"}],"curies":[{"name":"wp","href":"https:\/\/api.w.org\/{rel}","templated":true}]}}